{"id":10,"date":"2019-04-19T08:20:41","date_gmt":"2019-04-19T08:20:41","guid":{"rendered":"https:\/\/dieweisen.ch\/?page_id=10"},"modified":"2022-02-18T07:55:08","modified_gmt":"2022-02-18T07:55:08","slug":"startseite","status":"publish","type":"page","link":"https:\/\/dieweisen.ch\/","title":{"rendered":"Startseite"},"content":{"rendered":"<p><strong>Weisheit<\/strong> bezeichnet vorrangig ein tiefgehendes Verst\u00e4ndnis von Zusammenh\u00e4ngen in Natur, Leben und Gesellschaft sowie die F\u00e4higkeit, bei Problemen und Herausforderungen die jeweils schl\u00fcssigste und sinnvollste Handlungsweise zu identifizieren.<\/p>\n<p>Quelle: Wikipedia<\/p>\n<hr>\n<p><strong>Weisheit<\/strong> ist auf Lebenserfahrung, Reife [Gelehrsamkeit] und Distanz gegen\u00fcber den Dingen beruhende, einsichtsvolle Klugheit.<\/p>\n<p>Quelle:Duden<\/p>\n\n\n<hr class=\"wp-block-separator\"\/>\n\n\n\n<div class=\"wp-block-media-text alignwide is-stacked-on-mobile\"><figure class=\"wp-block-media-text__media\"><img loading=\"lazy\" width=\"500\" height=\"503\" src=\"https:\/\/dieweisen.ch\/wp-content\/uploads\/2020\/04\/500-503-canstockphoto-53565650-yin-yang.jpg\" alt=\"\" class=\"wp-image-171 size-full\" srcset=\"https:\/\/dieweisen.ch\/wp-content\/uploads\/2020\/04\/500-503-canstockphoto-53565650-yin-yang.jpg 500w, https:\/\/dieweisen.ch\/wp-content\/uploads\/2020\/04\/500-503-canstockphoto-53565650-yin-yang-150x150.jpg 150w, https:\/\/dieweisen.ch\/wp-content\/uploads\/2020\/04\/500-503-canstockphoto-53565650-yin-yang-298x300.jpg 298w, https:\/\/dieweisen.ch\/wp-content\/uploads\/2020\/04\/500-503-canstockphoto-53565650-yin-yang-100x100.jpg 100w\" sizes=\"(max-width: 500px) 100vw, 500px\" \/><\/figure><div class=\"wp-block-media-text__content\">\n<p style=\"font-size:28px\"><em>Weise Lebenskunst besteht darin, zu einer m\u00f6glichst harmonischen Beziehung zwischen Innenwelt und und Aussenwelt zu finden<\/em>.<\/p>\n<\/div><\/div>\n\n\n\n<hr class=\"wp-block-separator\"\/>\n\n\n\n<p><\/p>\n","protected":false},"excerpt":{"rendered":"<p>Weisheit bezeichnet vorrangig ein tiefgehendes Verst\u00e4ndnis von Zusammenh\u00e4ngen in Natur, Leben und Gesellschaft sowie die F\u00e4higkeit, bei Problemen und Herausforderungen die jeweils schl\u00fcssigste und sinnvollste Handlungsweise zu identifizieren. Quelle: Wikipedia Weisheit ist auf Lebenserfahrung, Reife [Gelehrsamkeit] und Distanz gegen\u00fcber den Dingen beruhende, einsichtsvolle Klugheit. Quelle:Duden Weise Lebenskunst besteht darin, zu einer m\u00f6glichst harmonischen Beziehung zwischen &hellip; <\/p>\n<p class=\"link-more\"><a href=\"https:\/\/dieweisen.ch\/\" class=\"more-link\"><span class=\"screen-reader-text\">&#171;Startseite&#187;<\/span> weiterlesen<\/a><\/p>\n","protected":false},"author":1,"featured_media":0,"parent":0,"menu_order":0,"comment_status":"closed","ping_status":"closed","template":"","meta":{"spay_email":""},"jetpack_sharing_enabled":true,"jetpack_shortlink":"https:\/\/wp.me\/PaSzRL-a","_links":{"self":[{"href":"https:\/\/dieweisen.ch\/index.php\/wp-json\/wp\/v2\/pages\/10"}],"collection":[{"href":"https:\/\/dieweisen.ch\/index.php\/wp-json\/wp\/v2\/pages"}],"about":[{"href":"https:\/\/dieweisen.ch\/index.php\/wp-json\/wp\/v2\/types\/page"}],"author":[{"embeddable":true,"href":"https:\/\/dieweisen.ch\/index.php\/wp-json\/wp\/v2\/users\/1"}],"replies":[{"embeddable":true,"href":"https:\/\/dieweisen.ch\/index.php\/wp-json\/wp\/v2\/comments?post=10"}],"version-history":[{"count":9,"href":"https:\/\/dieweisen.ch\/index.php\/wp-json\/wp\/v2\/pages\/10\/revisions"}],"predecessor-version":[{"id":198,"href":"https:\/\/dieweisen.ch\/index.php\/wp-json\/wp\/v2\/pages\/10\/revisions\/198"}],"wp:attachment":[{"href":"https:\/\/dieweisen.ch\/index.php\/wp-json\/wp\/v2\/media?parent=10"}],"curies":[{"name":"wp","href":"https:\/\/api.w.org\/{rel}","templated":true}]}}