{"id":104,"date":"2019-04-20T10:30:17","date_gmt":"2019-04-20T10:30:17","guid":{"rendered":"https:\/\/dieweisen.ch\/?page_id=104"},"modified":"2019-04-20T10:34:29","modified_gmt":"2019-04-20T10:34:29","slug":"der-sinn-des-lebens","status":"publish","type":"page","link":"https:\/\/dieweisen.ch\/index.php\/der-sinn-des-lebens\/","title":{"rendered":"Der Sinn des Lebens"},"content":{"rendered":"\n<figure class=\"wp-block-image\"><img loading=\"lazy\" width=\"1024\" height=\"543\" src=\"https:\/\/dieweisen.ch\/wp-content\/uploads\/2019\/04\/sinn_des_lebens-1024x543.jpg\" alt=\"\" class=\"wp-image-105\" srcset=\"https:\/\/dieweisen.ch\/wp-content\/uploads\/2019\/04\/sinn_des_lebens-1024x543.jpg 1024w, https:\/\/dieweisen.ch\/wp-content\/uploads\/2019\/04\/sinn_des_lebens-300x159.jpg 300w, https:\/\/dieweisen.ch\/wp-content\/uploads\/2019\/04\/sinn_des_lebens-768x408.jpg 768w, https:\/\/dieweisen.ch\/wp-content\/uploads\/2019\/04\/sinn_des_lebens.jpg 1920w\" sizes=\"(max-width: 767px) 89vw, (max-width: 1000px) 54vw, (max-width: 1071px) 543px, 580px\" \/><\/figure>\n\n\n\n<blockquote class=\"wp-block-quote\"><p>&#171;Der Sinn des Lebens ist, deinem Leben einen Sinn zu geben&#187;<\/p><cite>Hermann Hesse<\/cite><\/blockquote>\n\n\n\n<h2>Spiritualit\u00e4t<\/h2>\n\n\n<p>Dein ganzes Dasein als Mensch zielt letztendlich auf diese alles entscheidende Frage ab. Nat\u00fcrlich kannst Du ein Leben verbringen ohne Dich damit zu besch\u00e4ftigen. Aber dann wirst Du einfach solange wieder und wieder kommen, bis Du es tust. Also wieso nicht in diesem Leben damit beginnen ? Vielleicht wirst Du ihn nicht finden oder nicht finden wollen. Vielleicht brauchst Du einfach noch ein paar Leben bis Du soweit bist, dass es Dich interessiert, <strong>WESHALB<\/strong> wir hier sind. Aber vermutlich w\u00fcrdest Du jetzt diese Zeilen gar nicht lesen, wenn es Dich nicht interessieren w\u00fcrde. Dann bist Du vielleicht gespannt darauf, was eine alte Frau und ein alter Mann dar\u00fcber zu berichten wissen. Aus eigener Erfahrung und durch viele Gespr\u00e4che, Kurse, Meditationen und langj\u00e4hrige Besch\u00e4ftigung und Praxis mit dem Thema der Spiritualit\u00e4t haben wir f\u00fcr uns den Sinn des Lebens gefunden.<br \/>Der Weg dorthin kann lange sein und steinig, aber wenn Du Dich auf den Weg machst, wirst Du fr\u00fcher oder sp\u00e4ter ankommen. Ganz sicher.<\/p>\n\n\n<figure class=\"wp-block-image\"><img loading=\"lazy\" width=\"1024\" height=\"576\" src=\"https:\/\/dieweisen.ch\/wp-content\/uploads\/2019\/04\/spiritualitaet-1024x576.jpg\" alt=\"\" class=\"wp-image-107\" srcset=\"https:\/\/dieweisen.ch\/wp-content\/uploads\/2019\/04\/spiritualitaet-1024x576.jpg 1024w, https:\/\/dieweisen.ch\/wp-content\/uploads\/2019\/04\/spiritualitaet-300x169.jpg 300w, https:\/\/dieweisen.ch\/wp-content\/uploads\/2019\/04\/spiritualitaet-768x432.jpg 768w, https:\/\/dieweisen.ch\/wp-content\/uploads\/2019\/04\/spiritualitaet.jpg 1600w\" sizes=\"(max-width: 767px) 89vw, (max-width: 1000px) 54vw, (max-width: 1071px) 543px, 580px\" \/><figcaption>Der Zugang zur Spiritualit\u00e4t \u00f6ffnet Dir Deinen Weg in den Himmel.<\/figcaption><\/figure>\n","protected":false},"excerpt":{"rendered":"<p>&#171;Der Sinn des Lebens ist, deinem Leben einen Sinn zu geben&#187; Hermann Hesse Spiritualit\u00e4t Dein ganzes Dasein als Mensch zielt letztendlich auf diese alles entscheidende Frage ab. Nat\u00fcrlich kannst Du ein Leben verbringen ohne Dich damit zu besch\u00e4ftigen. Aber dann wirst Du einfach solange wieder und wieder kommen, bis Du es tust. Also wieso nicht &hellip; <\/p>\n<p class=\"link-more\"><a href=\"https:\/\/dieweisen.ch\/index.php\/der-sinn-des-lebens\/\" class=\"more-link\"><span class=\"screen-reader-text\">&#171;Der Sinn des Lebens&#187;<\/span> weiterlesen<\/a><\/p>\n","protected":false},"author":1,"featured_media":106,"parent":0,"menu_order":0,"comment_status":"closed","ping_status":"closed","template":"","meta":{"spay_email":""},"jetpack_sharing_enabled":true,"jetpack_shortlink":"https:\/\/wp.me\/PaSzRL-1G","_links":{"self":[{"href":"https:\/\/dieweisen.ch\/index.php\/wp-json\/wp\/v2\/pages\/104"}],"collection":[{"href":"https:\/\/dieweisen.ch\/index.php\/wp-json\/wp\/v2\/pages"}],"about":[{"href":"https:\/\/dieweisen.ch\/index.php\/wp-json\/wp\/v2\/types\/page"}],"author":[{"embeddable":true,"href":"https:\/\/dieweisen.ch\/index.php\/wp-json\/wp\/v2\/users\/1"}],"replies":[{"embeddable":true,"href":"https:\/\/dieweisen.ch\/index.php\/wp-json\/wp\/v2\/comments?post=104"}],"version-history":[{"count":2,"href":"https:\/\/dieweisen.ch\/index.php\/wp-json\/wp\/v2\/pages\/104\/revisions"}],"predecessor-version":[{"id":110,"href":"https:\/\/dieweisen.ch\/index.php\/wp-json\/wp\/v2\/pages\/104\/revisions\/110"}],"wp:featuredmedia":[{"embeddable":true,"href":"https:\/\/dieweisen.ch\/index.php\/wp-json\/wp\/v2\/media\/106"}],"wp:attachment":[{"href":"https:\/\/dieweisen.ch\/index.php\/wp-json\/wp\/v2\/media?parent=104"}],"curies":[{"name":"wp","href":"https:\/\/api.w.org\/{rel}","templated":true}]}}