{"id":11,"date":"2019-04-19T08:20:41","date_gmt":"2019-04-19T08:20:41","guid":{"rendered":"https:\/\/dieweisen.ch\/?page_id=11"},"modified":"2019-04-20T17:58:14","modified_gmt":"2019-04-20T17:58:14","slug":"ueber-mich","status":"publish","type":"page","link":"https:\/\/dieweisen.ch\/index.php\/ueber-mich\/","title":{"rendered":"\u00dcber uns"},"content":{"rendered":"\n<h2>Reto &amp; Ranjana<\/h2>\n\n\n<p>Wir sind seit 20 Jahren ein Paar und haben zusammen 114 Jahre Lebenserfahrung. Wir leben unsere Berufung seit Jahrzehnten und leben und arbeiten als Selbst\u00e4ndige in Z\u00fcrich.<br>Erfolg, Gl\u00fcck und Gesundheit sind unseren st\u00e4ndigen Begleiter und wir freuen uns jeden Tag an unserem Leben.<\/p>\n\n\n<h2>Reto &amp; Ranjana 2017 Grindelwald<\/h2>\n\n\n\n<figure class=\"wp-block-image\"><img loading=\"lazy\" width=\"1024\" height=\"768\" src=\"https:\/\/dieweisen.ch\/wp-content\/uploads\/2019\/04\/20161225_143128-1024x768.jpg\" alt=\"\" class=\"wp-image-58\" srcset=\"https:\/\/dieweisen.ch\/wp-content\/uploads\/2019\/04\/20161225_143128-1024x768.jpg 1024w, https:\/\/dieweisen.ch\/wp-content\/uploads\/2019\/04\/20161225_143128-300x225.jpg 300w, https:\/\/dieweisen.ch\/wp-content\/uploads\/2019\/04\/20161225_143128-768x576.jpg 768w\" sizes=\"(max-width: 767px) 89vw, (max-width: 1000px) 54vw, (max-width: 1071px) 543px, 580px\" \/><\/figure>\n","protected":false},"excerpt":{"rendered":"<p>Reto &amp; Ranjana Wir sind seit 20 Jahren ein Paar und haben zusammen 114 Jahre Lebenserfahrung. Wir leben unsere Berufung seit Jahrzehnten und leben und arbeiten als Selbst\u00e4ndige in Z\u00fcrich.Erfolg, Gl\u00fcck und Gesundheit sind unseren st\u00e4ndigen Begleiter und wir freuen uns jeden Tag an unserem Leben. Reto &amp; Ranjana 2017 Grindelwald<\/p>\n","protected":false},"author":1,"featured_media":57,"parent":0,"menu_order":0,"comment_status":"closed","ping_status":"closed","template":"","meta":{"spay_email":""},"jetpack_sharing_enabled":true,"jetpack_shortlink":"https:\/\/wp.me\/PaSzRL-b","_links":{"self":[{"href":"https:\/\/dieweisen.ch\/index.php\/wp-json\/wp\/v2\/pages\/11"}],"collection":[{"href":"https:\/\/dieweisen.ch\/index.php\/wp-json\/wp\/v2\/pages"}],"about":[{"href":"https:\/\/dieweisen.ch\/index.php\/wp-json\/wp\/v2\/types\/page"}],"author":[{"embeddable":true,"href":"https:\/\/dieweisen.ch\/index.php\/wp-json\/wp\/v2\/users\/1"}],"replies":[{"embeddable":true,"href":"https:\/\/dieweisen.ch\/index.php\/wp-json\/wp\/v2\/comments?post=11"}],"version-history":[{"count":4,"href":"https:\/\/dieweisen.ch\/index.php\/wp-json\/wp\/v2\/pages\/11\/revisions"}],"predecessor-version":[{"id":116,"href":"https:\/\/dieweisen.ch\/index.php\/wp-json\/wp\/v2\/pages\/11\/revisions\/116"}],"wp:featuredmedia":[{"embeddable":true,"href":"https:\/\/dieweisen.ch\/index.php\/wp-json\/wp\/v2\/media\/57"}],"wp:attachment":[{"href":"https:\/\/dieweisen.ch\/index.php\/wp-json\/wp\/v2\/media?parent=11"}],"curies":[{"name":"wp","href":"https:\/\/api.w.org\/{rel}","templated":true}]}}