{"id":117,"date":"2019-04-20T14:11:48","date_gmt":"2019-04-20T14:11:48","guid":{"rendered":"https:\/\/dieweisen.ch\/?page_id=117"},"modified":"2019-04-20T14:25:24","modified_gmt":"2019-04-20T14:25:24","slug":"gesundheit","status":"publish","type":"page","link":"https:\/\/dieweisen.ch\/index.php\/gesundheit\/","title":{"rendered":"Gesundheit"},"content":{"rendered":"\n<blockquote class=\"wp-block-quote\"><p>&#171;Geh Du vor&#187;, sagt die Seele zum K\u00f6rper.  &#171;Auf mich h\u00f6rt der Mensch ja nicht, vielleicht h\u00f6rt er auf Dich.&#187;<\/p><p>&#171;Ich werde krank werden, dann wird er Zeit f\u00fcr Dich haben.&#187;, erwidert darauf der K\u00f6rper der Seele.<\/p><cite>Japanisches Sprichwort<br><br><br><\/cite><\/blockquote>\n\n\n<p>Die Gesundheit ist das Wertvollste, was wir in diesem Leben haben. Trage ihr gut Sorge und k\u00fcmmere Dich aktiv um Sie!<br \/>Steigende Krankenkassenpr\u00e4mien zeigen uns ganz unmissverst\u00e4ndlich an, dass unsere Gesellschaft immer kr\u00e4nker wird. Umso wichtiger sollte es Dir sein, dass Du gesund bleibst wenn Du es bist. Oder Du einen Weg heraus aus deiner Krankheit findest, wenn Du nicht gesund bist. So oder so musst Du etwas tun. Respektive einiges unterlassen, damit die Gesundheit erhalten bleibt bis in deine alten Jahre. Wer will schon krank sterben ? Fr\u00fcher dachte ich noch selbst: ich will doch nicht gesund sterben! Aber das ist nat\u00fcrlich Mist und sehr kurzfristig gedacht. Heute weiss ich, dass ich gesund sterben m\u00f6chte. Ich habe jahrelang Raubbau an meiner Gesundheit getrieben und kann nur noch hoffen, dass mein Wandel in der Einstellung zur Gesundheit gerade noch zur rechten Zeit gekommen ist, so dass ich nicht mit bleibenden Sch\u00e4den zu rechnen habe und ein Alter voller Krankheit auf mich zukommt.<\/p>\n\n\n<h2>Der K\u00f6rper ist das Haus Deiner Seele<\/h2>\n\n\n<p>Und weil dem so ist, solltest Du Dir wirklich Gedanken machen, was das f\u00fcr Dich und Deinen Lebensstil bedeutet. Es ist nie zu sp\u00e4t seine Gewohnheiten zu \u00e4ndern. Doch das ist es eben. Wenn Du 50 Jahre geraucht, getrunken und Drogen genommen hast, ist es zu sp\u00e4t und deine Gesundheit wird sich von dieser Tortur in diesem Leben nicht mehr erholen. Du wirst krank sterben. Und deine letzen Jahre werden alles andere als angenehm sein. Deinem Ego mag das egal sein, aber Deiner Seele nicht.<br \/>Wir haben die Erfahrung mit Party-Exzessen, Drogen und ungesundem Lebensstil bereits lange hinter uns. Und k\u00f6nnen gut verstehen, was Dich daran reizt, trotz allen Warnungen damit weiter zu machen. Genau wie es f\u00fcr dieses heute schon fast &#171;normale&#187; Verhalten (man darf sich ja wohl noch ein bisschen Spass g\u00f6nnen) einen tieferen Grund gibt, gibt es den auch f\u00fcr jede Krankheit.\u00a0<\/p>\n<p>Dein K\u00f6rper wird nicht krank, wenn Du lernst auf deine Seele zu h\u00f6ren und beginnst Deinem Seelenplan zu folgen.<\/p>\n<p>Dein K\u00f6rper wird krank wenn Du:<\/p>\n<ul>\n<li style=\"list-style-type: none;\">\n<ul>\n<li style=\"list-style-type: none;\">\n<ul>\n<li style=\"list-style-type: none;\">\n<ul>\n<li>Abh\u00e4ngig bist von irgend einer Substanz (ja dazu geh\u00f6ren nebst allen Drogen auch Zigaretten, Alkohol oder Medikamente)<\/li>\n<li>Dich ungesund ern\u00e4hrst<\/li>\n<li>zuviel isst und fett wirst<\/li>\n<li>h\u00e4ufig gestresst bist<\/li>\n<li>Dich zu wenig bewegst und kein Sport machst<\/li>\n<li>Deine Probleme hinunter frisst anstatt sie zu l\u00f6sen<\/li>\n<li>Deine Gef\u00fchle und Gedanken nicht im Griff hast und andauernd negativ denkst (Hass, Wut, Groll, \u00c4rger, Neid usw&#8230;.)<\/li>\n<li>Dich andauernd in der Trennung aufh\u00e4ltst anstatt die Verbindung zu suchen<\/li>\n<li>Dich schlicht nicht um Dein Seelenwohl k\u00fcmmerst<\/li>\n<\/ul>\n<\/li>\n<\/ul>\n<\/li>\n<\/ul>\n<\/li>\n<\/ul>","protected":false},"excerpt":{"rendered":"<p>&#171;Geh Du vor&#187;, sagt die Seele zum K\u00f6rper. &#171;Auf mich h\u00f6rt der Mensch ja nicht, vielleicht h\u00f6rt er auf Dich.&#187; &#171;Ich werde krank werden, dann wird er Zeit f\u00fcr Dich haben.&#187;, erwidert darauf der K\u00f6rper der Seele. Japanisches Sprichwort Die Gesundheit ist das Wertvollste, was wir in diesem Leben haben. Trage ihr gut Sorge und &hellip; <\/p>\n<p class=\"link-more\"><a href=\"https:\/\/dieweisen.ch\/index.php\/gesundheit\/\" class=\"more-link\"><span class=\"screen-reader-text\">&#171;Gesundheit&#187;<\/span> weiterlesen<\/a><\/p>\n","protected":false},"author":1,"featured_media":118,"parent":0,"menu_order":0,"comment_status":"closed","ping_status":"closed","template":"","meta":{"spay_email":""},"jetpack_sharing_enabled":true,"jetpack_shortlink":"https:\/\/wp.me\/PaSzRL-1T","_links":{"self":[{"href":"https:\/\/dieweisen.ch\/index.php\/wp-json\/wp\/v2\/pages\/117"}],"collection":[{"href":"https:\/\/dieweisen.ch\/index.php\/wp-json\/wp\/v2\/pages"}],"about":[{"href":"https:\/\/dieweisen.ch\/index.php\/wp-json\/wp\/v2\/types\/page"}],"author":[{"embeddable":true,"href":"https:\/\/dieweisen.ch\/index.php\/wp-json\/wp\/v2\/users\/1"}],"replies":[{"embeddable":true,"href":"https:\/\/dieweisen.ch\/index.php\/wp-json\/wp\/v2\/comments?post=117"}],"version-history":[{"count":6,"href":"https:\/\/dieweisen.ch\/index.php\/wp-json\/wp\/v2\/pages\/117\/revisions"}],"predecessor-version":[{"id":125,"href":"https:\/\/dieweisen.ch\/index.php\/wp-json\/wp\/v2\/pages\/117\/revisions\/125"}],"wp:featuredmedia":[{"embeddable":true,"href":"https:\/\/dieweisen.ch\/index.php\/wp-json\/wp\/v2\/media\/118"}],"wp:attachment":[{"href":"https:\/\/dieweisen.ch\/index.php\/wp-json\/wp\/v2\/media?parent=117"}],"curies":[{"name":"wp","href":"https:\/\/api.w.org\/{rel}","templated":true}]}}