{"id":67,"date":"2019-04-19T13:56:27","date_gmt":"2019-04-19T13:56:27","guid":{"rendered":"https:\/\/dieweisen.ch\/?page_id=67"},"modified":"2022-02-18T07:57:25","modified_gmt":"2022-02-18T07:57:25","slug":"glueck","status":"publish","type":"page","link":"https:\/\/dieweisen.ch\/index.php\/glueck\/","title":{"rendered":"Gl\u00fcck"},"content":{"rendered":"\n<hr class=\"wp-block-separator\"\/>\n\n\n\n<p style=\"font-size:26px\">&#171;Der Sinn des Lebens besteht darin, gl\u00fccklich zu werden&#187;<\/p>\n\n\n\n<hr class=\"wp-block-separator\"\/>\n\n\n<p>Als Erf\u00fcllung menschlichen W\u00fcnschens und Strebens ist <strong>Gl\u00fcck<\/strong>\u00a0ein sehr vielschichtiger Begriff, der Empfindungen vom momentanen bis zu anhaltendem, vom\u00a0friedvollen\u00a0bis zu\u00a0ekstatischem Gl\u00fccksgef\u00fchl einschliesst, der uns aber auch in Bezug auf ein \u00e4usseres Geschehen begegnen kann, zum Beispiel in der Bedeutung eines gl\u00fccklichen Zufalls oder einer das <strong>Lebensgl\u00fcck<\/strong> beg\u00fcnstigenden Schicksals\u00adwendung. In den erstgenannten Bedeutungen bezeichnet der Begriff Gl\u00fcck einen innerlich empfundenen Zustand, in den letzteren hingegen ein \u00e4usseres g\u00fcnstiges Ereignis. Gl\u00fcck wird h\u00e4ufig von der Gl\u00fcckseligkeit\u00a0unterschieden, die meist in Zusammenhang mit einem Zustand der (religi\u00f6sen)\u00a0Erl\u00f6sung oder einem hohen Mass an Selbstzufriedenheit erkl\u00e4rt und verstanden wird.<\/p>\n<p>Quelle: Wikipedia<\/p>\n\n\n<figure class=\"wp-block-image\"><img loading=\"lazy\" width=\"1024\" height=\"678\" src=\"https:\/\/dieweisen.ch\/wp-content\/uploads\/2019\/04\/compressed_resize_1500x993_Four-leaf-clover-grows-between-paving-stones-symbol-for-luck-fortune-and-assertiveness-of-nature-close-up-with-copy-space-in-the-blurred-background-837578860_4000x26481-1024x678.jpg\" alt=\"Gl\u00fcck\" class=\"wp-image-99\" srcset=\"https:\/\/dieweisen.ch\/wp-content\/uploads\/2019\/04\/compressed_resize_1500x993_Four-leaf-clover-grows-between-paving-stones-symbol-for-luck-fortune-and-assertiveness-of-nature-close-up-with-copy-space-in-the-blurred-background-837578860_4000x26481-1024x678.jpg 1024w, https:\/\/dieweisen.ch\/wp-content\/uploads\/2019\/04\/compressed_resize_1500x993_Four-leaf-clover-grows-between-paving-stones-symbol-for-luck-fortune-and-assertiveness-of-nature-close-up-with-copy-space-in-the-blurred-background-837578860_4000x26481-300x199.jpg 300w, https:\/\/dieweisen.ch\/wp-content\/uploads\/2019\/04\/compressed_resize_1500x993_Four-leaf-clover-grows-between-paving-stones-symbol-for-luck-fortune-and-assertiveness-of-nature-close-up-with-copy-space-in-the-blurred-background-837578860_4000x26481-768x508.jpg 768w, https:\/\/dieweisen.ch\/wp-content\/uploads\/2019\/04\/compressed_resize_1500x993_Four-leaf-clover-grows-between-paving-stones-symbol-for-luck-fortune-and-assertiveness-of-nature-close-up-with-copy-space-in-the-blurred-background-837578860_4000x26481.jpg 1500w\" sizes=\"(max-width: 767px) 89vw, (max-width: 1000px) 54vw, (max-width: 1071px) 543px, 580px\" \/><\/figure>\n\n\n\n<h2 id=\"was-es-zum-gluck-braucht-oder-die-glucksfaktoren\">Was es zum Gl\u00fcck braucht oder die Gl\u00fccksfaktoren<\/h2>\n\n\n<p>Gl\u00fcck scheint also zwei wesentliche Hauptaspekte zu haben: einen <strong>Inneren<\/strong> und einen <strong>\u00c4usseren<\/strong>. Wir sind der Meinung, dass es nicht unbedingt \u00e4usseres Gl\u00fcck in Form von g\u00fcnstigen Ereignissen (Zuf\u00e4llen) braucht, damit Du gl\u00fccklich bist. Und wenn Sie denn hin und wieder eintreffen sollten, wird dieses Gl\u00fcck sowieso nur fl\u00fcchtig und sehr bald wieder vorbei sein.<\/p>\n<p><strong>Gl\u00fccklich sein<\/strong>, ist einfach <strong>ein innerer Zustand<\/strong> den Du erreichen kannst, wenn Du die richtigen Entscheidungen in verschiedenen Bereichen deines Lebens getroffen hast und mit Dir selbst und deiner Umwelt dauerhaft zufrieden bist.<\/p>\n<p>Was unterscheidet eigentlich ungl\u00fcckliche und gl\u00fcckliche Menschen? Um diese Frage zu beantworten, definiert die Gl\u00fccksforschung so genannte <strong>Gl\u00fccksfaktoren<\/strong>, welche f\u00fcr unser subjektives Wohlbefinden unerl\u00e4sslich sind:<\/p>\n<ul>\n<li style=\"list-style-type: none;\">\n<ul>\n<li style=\"list-style-type: none;\">\n<ul>\n<li><strong>soziale&nbsp;Beziehungen<\/strong><\/li>\n<li><strong>Gesundheit<\/strong><\/li>\n<li><strong>befriedigende und erfolgreiche Erwerbsarbeit<\/strong><\/li>\n<li><strong>pers\u00f6nliche Freiheit<\/strong><\/li>\n<li><strong>die Suche nach dem Sinn des Lebens<\/strong><\/li>\n<\/ul>\n<\/li>\n<\/ul>\n<\/li>\n<\/ul>\n<p>Dies sind nur einige Beispiele f\u00fcr Faktoren, die uns von der Wissenschaft nahe gelegt werden. Eine Erkenntnis aus der Forschung besagt, dass vor allem soziale Beziehungen wesentlich f\u00fcr unser Gl\u00fcck sind. Gl\u00fcckliche Personen wissen: Wer sich ausreichend Zeit f\u00fcr seine Liebsten nimmt, hat den Weg in Richtung Zufriedenheit bereits eingeschlagen. Ein Kinobesuch mit den Kindern, ein gutes Abendessen mit den Eltern, eine Reise mit den besten Freunden oder auch einfach nur das eine oder andere nette Wort vom Nachbarn tragen somit viel mehr zum Wohlbefinden bei als beispielsweise ein neues Auto oder ein teures Handy.<\/p>\n<p>Meistens wirst Du an deinen Gl\u00fccksfaktoren arbeiten m\u00fcssen, um ein f\u00fcr Dich zufriedenstellendes Ergebnis zu erreichen. Daher kommt auch der Spruch: &#171;Jeder ist seines Gl\u00fcckes Schmied&#187;.&nbsp; Und nicht selten bist Du Dir selbst dabei im Weg und verhinderst aktiv mit unbewussten Verhaltensmustern, dass Du es nicht schaffst, gl\u00fccklich zu werden. Wenn Du diesen Text bis hierhin gelesen hast, bist Du aber bereits auf dem Weg dein pers\u00f6nliches Gl\u00fcck nicht weiter dem Zufall zu \u00fcberlassen und die Verantwortung daf\u00fcr jetzt selbst an die Hand zu nehmen.<\/p>\n<p>Gem\u00e4ss unserer Erfahrung solltest Du unbedingt auch noch die folgenden weiteren Faktoren ber\u00fccksichtigen um dein Lebensgl\u00fcck dauerhaft zu festigen und auszubauen:<\/p>\n<ul>\n<li style=\"list-style-type: none;\">\n<ul>\n<li style=\"list-style-type: none;\">\n<ul>\n<li><strong>Selbstliebe<\/strong><\/li>\n<li><strong>Dankbarkeit<\/strong><\/li>\n<li><strong>Achtsamkeit<\/strong><\/li>\n<li><strong>Toleranz<\/strong><\/li>\n<\/ul>\n<\/li>\n<\/ul>\n<\/li>\n<\/ul>\n<p>Und nat\u00fcrlich musst Du immer daran arbeiten, alle Umst\u00e4nde, Muster und alten Denkweisen zu finden und zu beseitigen, die Dich davon abhalten gl\u00fccklich zu sein. Das h\u00f6rt sich jetzt so einfach an. Ist es aber nicht. Leider halten sich einige der negativen Denkmuster in unserem Unterbewusstsein, wo sie unerkannt bleiben auf und verrichten von dort aus ihre destruktive Arbeit.&nbsp; Wir helfen Dir gerne beim Aufr\u00e4umen.<\/p>","protected":false},"excerpt":{"rendered":"<p>&#171;Der Sinn des Lebens besteht darin, gl\u00fccklich zu werden&#187; Als Erf\u00fcllung menschlichen W\u00fcnschens und Strebens ist Gl\u00fcck\u00a0ein sehr vielschichtiger Begriff, der Empfindungen vom momentanen bis zu anhaltendem, vom\u00a0friedvollen\u00a0bis zu\u00a0ekstatischem Gl\u00fccksgef\u00fchl einschliesst, der uns aber auch in Bezug auf ein \u00e4usseres Geschehen begegnen kann, zum Beispiel in der Bedeutung eines gl\u00fccklichen Zufalls oder einer das Lebensgl\u00fcck &hellip; <\/p>\n<p class=\"link-more\"><a href=\"https:\/\/dieweisen.ch\/index.php\/glueck\/\" class=\"more-link\"><span class=\"screen-reader-text\">&#171;Gl\u00fcck&#187;<\/span> weiterlesen<\/a><\/p>\n","protected":false},"author":1,"featured_media":68,"parent":0,"menu_order":0,"comment_status":"closed","ping_status":"closed","template":"","meta":{"spay_email":""},"jetpack_sharing_enabled":true,"jetpack_shortlink":"https:\/\/wp.me\/PaSzRL-15","_links":{"self":[{"href":"https:\/\/dieweisen.ch\/index.php\/wp-json\/wp\/v2\/pages\/67"}],"collection":[{"href":"https:\/\/dieweisen.ch\/index.php\/wp-json\/wp\/v2\/pages"}],"about":[{"href":"https:\/\/dieweisen.ch\/index.php\/wp-json\/wp\/v2\/types\/page"}],"author":[{"embeddable":true,"href":"https:\/\/dieweisen.ch\/index.php\/wp-json\/wp\/v2\/users\/1"}],"replies":[{"embeddable":true,"href":"https:\/\/dieweisen.ch\/index.php\/wp-json\/wp\/v2\/comments?post=67"}],"version-history":[{"count":9,"href":"https:\/\/dieweisen.ch\/index.php\/wp-json\/wp\/v2\/pages\/67\/revisions"}],"predecessor-version":[{"id":200,"href":"https:\/\/dieweisen.ch\/index.php\/wp-json\/wp\/v2\/pages\/67\/revisions\/200"}],"wp:featuredmedia":[{"embeddable":true,"href":"https:\/\/dieweisen.ch\/index.php\/wp-json\/wp\/v2\/media\/68"}],"wp:attachment":[{"href":"https:\/\/dieweisen.ch\/index.php\/wp-json\/wp\/v2\/media?parent=67"}],"curies":[{"name":"wp","href":"https:\/\/api.w.org\/{rel}","templated":true}]}}