{"id":82,"date":"2019-04-20T07:56:05","date_gmt":"2019-04-20T07:56:05","guid":{"rendered":"https:\/\/dieweisen.ch\/?page_id=82"},"modified":"2019-04-20T08:06:03","modified_gmt":"2019-04-20T08:06:03","slug":"partnerschaft","status":"publish","type":"page","link":"https:\/\/dieweisen.ch\/index.php\/partnerschaft\/","title":{"rendered":"Partnerschaft"},"content":{"rendered":"<p>F\u00fcr viele Menschen ist es wichtig einen Partner zu haben. Zum Beispiel wenn Du das Ziel hast eine Familie zu gr\u00fcnden. Aber wie finde ich den <strong>richtigen<\/strong> Partner? Wie schaffe ich es mit dem gleichen Partner eine l\u00e4ngere Zeit zusammen zu sein, so dass die Familie eine Chance hat, auch eine zu bleiben ? Mehr als ein Drittel aller Ehen wird geschieden, noch bevor die Kinder vollj\u00e4hrig sind. Es d\u00fcrfte klar sein, dass diese Situation f\u00fcr die Kinder sehr belastend ist und kaum eine optimale Voraussetzung f\u00fcr den Start ins Leben darstellen kann.<br \/>Auch viele Menschen die keine Familie wollen, m\u00f6chten eine Partnerschaft. Weil es einfach sch\u00f6ner ist zu Zweit durchs Leben zu gehen als Alleine. Dazu kommt, dass Deine pers\u00f6nliche geistige und seelische Entwicklung sehr viel langsamer verl\u00e4uft, wenn Du kein Partner an deiner Seite hast.<br \/>Die Forschung sagt, dass Menschen, die in einer stabilen Partnerschaft leben, ges\u00fcnder, gl\u00fccklicher und erfolgreicher sind, als Menschen die alleine leben.<\/p>\n\n\n<figure class=\"wp-block-image\"><img loading=\"lazy\" width=\"1024\" height=\"577\" src=\"https:\/\/dieweisen.ch\/wp-content\/uploads\/2019\/04\/Frau-und-Mann-von-hinten-fotografiert-am-Sandstrand-mit-Meereswellen-QF-1920-Pixel-Breite-Quelle-Pixabay-CC0-Public-Domain-1024x577.jpg\" alt=\"Partnerschaft\" class=\"wp-image-83\" srcset=\"https:\/\/dieweisen.ch\/wp-content\/uploads\/2019\/04\/Frau-und-Mann-von-hinten-fotografiert-am-Sandstrand-mit-Meereswellen-QF-1920-Pixel-Breite-Quelle-Pixabay-CC0-Public-Domain-1024x577.jpg 1024w, https:\/\/dieweisen.ch\/wp-content\/uploads\/2019\/04\/Frau-und-Mann-von-hinten-fotografiert-am-Sandstrand-mit-Meereswellen-QF-1920-Pixel-Breite-Quelle-Pixabay-CC0-Public-Domain-300x169.jpg 300w, https:\/\/dieweisen.ch\/wp-content\/uploads\/2019\/04\/Frau-und-Mann-von-hinten-fotografiert-am-Sandstrand-mit-Meereswellen-QF-1920-Pixel-Breite-Quelle-Pixabay-CC0-Public-Domain-768x432.jpg 768w, https:\/\/dieweisen.ch\/wp-content\/uploads\/2019\/04\/Frau-und-Mann-von-hinten-fotografiert-am-Sandstrand-mit-Meereswellen-QF-1920-Pixel-Breite-Quelle-Pixabay-CC0-Public-Domain.jpg 1920w\" sizes=\"(max-width: 767px) 89vw, (max-width: 1000px) 54vw, (max-width: 1071px) 543px, 580px\" \/><\/figure>\n\n\n<p>Wieso bleiben dann so viele Menschen Single, wenn doch die meisten den Wunsch nach einem Partner haben ? In der heutigen Zeit ist es leider so, dass es immer schwieriger wird, den richtigen Partner zu finden. Vielleicht h\u00f6rst Du einfach auf zu Suchen und beginnst damit, deine Baustellen aufzur\u00e4umen und Dich mit Themen wie Selbstliebe, Respekt oder Kreativit\u00e4t zu besch\u00e4ftigen. Wenn Du das in ausreichendem\u00a0 Mass getan hast, wird sich die wahre Liebe irgendwann von Alleine bei Dir zeigen und Du wirst gl\u00fccklich sein, bis ans Ende Deines Lebens. So wie wir es sind. Das kannst Du auch! Wir zeigen Dir gerne, wie es geht&#8230;&#8230;<\/p>\n\n\n<figure class=\"wp-block-image\"><img loading=\"lazy\" width=\"696\" height=\"464\" src=\"https:\/\/dieweisen.ch\/wp-content\/uploads\/2019\/04\/baustelle-696x464.jpg\" alt=\"\" class=\"wp-image-84\" srcset=\"https:\/\/dieweisen.ch\/wp-content\/uploads\/2019\/04\/baustelle-696x464.jpg 696w, https:\/\/dieweisen.ch\/wp-content\/uploads\/2019\/04\/baustelle-696x464-300x200.jpg 300w\" sizes=\"(max-width: 696px) 100vw, 696px\" \/><\/figure>\n","protected":false},"excerpt":{"rendered":"<p>F\u00fcr viele Menschen ist es wichtig einen Partner zu haben. Zum Beispiel wenn Du das Ziel hast eine Familie zu gr\u00fcnden. Aber wie finde ich den richtigen Partner? Wie schaffe ich es mit dem gleichen Partner eine l\u00e4ngere Zeit zusammen zu sein, so dass die Familie eine Chance hat, auch eine zu bleiben ? Mehr &hellip; <\/p>\n<p class=\"link-more\"><a href=\"https:\/\/dieweisen.ch\/index.php\/partnerschaft\/\" class=\"more-link\"><span class=\"screen-reader-text\">&#171;Partnerschaft&#187;<\/span> weiterlesen<\/a><\/p>\n","protected":false},"author":1,"featured_media":0,"parent":0,"menu_order":0,"comment_status":"closed","ping_status":"closed","template":"","meta":{"spay_email":""},"jetpack_sharing_enabled":true,"jetpack_shortlink":"https:\/\/wp.me\/PaSzRL-1k","_links":{"self":[{"href":"https:\/\/dieweisen.ch\/index.php\/wp-json\/wp\/v2\/pages\/82"}],"collection":[{"href":"https:\/\/dieweisen.ch\/index.php\/wp-json\/wp\/v2\/pages"}],"about":[{"href":"https:\/\/dieweisen.ch\/index.php\/wp-json\/wp\/v2\/types\/page"}],"author":[{"embeddable":true,"href":"https:\/\/dieweisen.ch\/index.php\/wp-json\/wp\/v2\/users\/1"}],"replies":[{"embeddable":true,"href":"https:\/\/dieweisen.ch\/index.php\/wp-json\/wp\/v2\/comments?post=82"}],"version-history":[{"count":2,"href":"https:\/\/dieweisen.ch\/index.php\/wp-json\/wp\/v2\/pages\/82\/revisions"}],"predecessor-version":[{"id":88,"href":"https:\/\/dieweisen.ch\/index.php\/wp-json\/wp\/v2\/pages\/82\/revisions\/88"}],"wp:attachment":[{"href":"https:\/\/dieweisen.ch\/index.php\/wp-json\/wp\/v2\/media?parent=82"}],"curies":[{"name":"wp","href":"https:\/\/api.w.org\/{rel}","templated":true}]}}